{"id":17,"date":"2025-08-07T13:48:58","date_gmt":"2025-08-07T13:48:58","guid":{"rendered":"https:\/\/lingurobotics.com\/?page_id=17"},"modified":"2025-11-11T10:53:41","modified_gmt":"2025-11-11T10:53:41","slug":"impressum","status":"publish","type":"page","link":"https:\/\/lingurobotics.com\/en\/impressum\/","title":{"rendered":"Legal notice"},"content":{"rendered":"<div data-elementor-type=\"wp-page\" data-elementor-id=\"17\" class=\"elementor elementor-17\" data-elementor-post-type=\"page\">\n\t\t\t\t<div class=\"elementor-element elementor-element-c0056ae e-flex e-con-boxed e-con e-parent\" data-id=\"c0056ae\" data-element_type=\"container\">\n\t\t\t\t\t<div class=\"e-con-inner\">\n\t\t\t\t<div class=\"elementor-element elementor-element-ea8181a elementor-widget elementor-widget-heading\" data-id=\"ea8181a\" data-element_type=\"widget\" data-widget_type=\"heading.default\">\n\t\t\t\t\t<h2 class=\"elementor-heading-title elementor-size-default\">Legal notice<\/h2>\t\t\t\t<\/div>\n\t\t\t\t<div class=\"elementor-element elementor-element-7bcfcf1 elementor-widget elementor-widget-text-editor\" data-id=\"7bcfcf1\" data-element_type=\"widget\" data-widget_type=\"text-editor.default\">\n\t\t\t\t\t\t\t\t\t<h3>Angaben gem\u00e4\u00df \u00a7 5 TMG<\/h3><p>Maik Hinzdorf<br \/>Carl-Benz-Str. 9-11,<br \/>68723, Schwetzingen<br \/>Deutschland<\/p><h3>Contact<\/h3><p>Telefon: +49 6202 5843563<strong data-start=\"216\" data-end=\"236\"><br \/><\/strong>E-Mail: <a href=\"mailto:info@lingurobotics.com\">info@lingurobotics.com<\/a><br \/>Website: <a href=\"https:\/\/lingurobotics.com\/en\/\" target=\"_blank\" rel=\"noopener\">https:\/\/www.lingurobotics.com<\/a><\/p><h3>Responsible for content pursuant to \u00a7 55 (2) RStV<\/h3><p>Maik Hinzdorf<br \/>Carl-Benz-Str. 9-11,<br \/>68723, Schwetzingen<br \/>Deutschland<\/p><h3>Disclaimer<\/h3><p>The contents of this website have been created with the greatest care. However, I cannot guarantee the accuracy, completeness, or timeliness of the content.<\/p><h3>Liability for links<\/h3><p>My service includes links to external third-party websites over which I have no control. Therefore, I cannot assume any responsibility for these external contents. The respective provider or operator of the linked pages is always responsible for their content.<\/p><h3>Copyright<\/h3><p>Die durch die Seitenbetreiber erstellten Inhalte und Werke auf diesen Seiten unterliegen dem deutschen Urheberrecht. Beitr\u00e4ge Dritter sind als solche gekennzeichnet. Die Vervielf\u00e4ltigung, Bearbeitung, Verbreitung und jede Art der Verwertung au\u00dferhalb der Grenzen des Urheberrechtes bed\u00fcrfen der schriftlichen Zustimmung des jeweiligen Autors bzw. Erstellers.<\/p>\t\t\t\t\t\t\t\t<\/div>\n\t\t\t\t\t<\/div>\n\t\t\t\t<\/div>\n\t\t\t\t<\/div>","protected":false},"excerpt":{"rendered":"<p>Impressum Angaben gem\u00e4\u00df \u00a7 5 TMG Maik HinzdorfCarl-Benz-Str. 9-11,68723, SchwetzingenDeutschland Kontakt Telefon: +49 6202 5843563E-Mail: info@lingurobotics.comWebsite: https:\/\/www.lingurobotics.com Verantwortlich f\u00fcr den Inhalt nach \u00a7 55 Abs. 2 RStV Maik HinzdorfCarl-Benz-Str. 9-11,68723, SchwetzingenDeutschland Haftungsausschluss Die Inhalte dieser Website wurden mit gr\u00f6\u00dfter Sorgfalt erstellt. F\u00fcr die Richtigkeit, Vollst\u00e4ndigkeit und Aktualit\u00e4t der Inhalte k\u00f6nnen wir jedoch keine Gew\u00e4hr \u00fcbernehmen. [&hellip;]<\/p>","protected":false},"author":1,"featured_media":0,"parent":0,"menu_order":0,"comment_status":"closed","ping_status":"closed","template":"elementor_header_footer","meta":{"footnotes":""},"class_list":["post-17","page","type-page","status-publish","hentry"],"_links":{"self":[{"href":"https:\/\/lingurobotics.com\/en\/wp-json\/wp\/v2\/pages\/17","targetHints":{"allow":["GET"]}}],"collection":[{"href":"https:\/\/lingurobotics.com\/en\/wp-json\/wp\/v2\/pages"}],"about":[{"href":"https:\/\/lingurobotics.com\/en\/wp-json\/wp\/v2\/types\/page"}],"author":[{"embeddable":true,"href":"https:\/\/lingurobotics.com\/en\/wp-json\/wp\/v2\/users\/1"}],"replies":[{"embeddable":true,"href":"https:\/\/lingurobotics.com\/en\/wp-json\/wp\/v2\/comments?post=17"}],"version-history":[{"count":0,"href":"https:\/\/lingurobotics.com\/en\/wp-json\/wp\/v2\/pages\/17\/revisions"}],"wp:attachment":[{"href":"https:\/\/lingurobotics.com\/en\/wp-json\/wp\/v2\/media?parent=17"}],"curies":[{"name":"wp","href":"https:\/\/api.w.org\/{rel}","templated":true}]}}