{"id":17,"date":"2025-08-07T13:48:58","date_gmt":"2025-08-07T13:48:58","guid":{"rendered":"https:\/\/lingurobotics.com\/?page_id=17"},"modified":"2025-11-11T10:53:41","modified_gmt":"2025-11-11T10:53:41","slug":"impressum","status":"publish","type":"page","link":"https:\/\/lingurobotics.com\/zh\/impressum\/","title":{"rendered":"\u6cd5\u5f8b\u58f0\u660e"},"content":{"rendered":"<div data-elementor-type=\"wp-page\" data-elementor-id=\"17\" class=\"elementor elementor-17\" data-elementor-post-type=\"page\">\n\t\t\t\t<div class=\"elementor-element elementor-element-c0056ae e-flex e-con-boxed e-con e-parent\" data-id=\"c0056ae\" data-element_type=\"container\">\n\t\t\t\t\t<div class=\"e-con-inner\">\n\t\t\t\t<div class=\"elementor-element elementor-element-ea8181a elementor-widget elementor-widget-heading\" data-id=\"ea8181a\" data-element_type=\"widget\" data-widget_type=\"heading.default\">\n\t\t\t\t\t<h2 class=\"elementor-heading-title elementor-size-default\">\u6cd5\u5f8b\u58f0\u660e<\/h2>\t\t\t\t<\/div>\n\t\t\t\t<div class=\"elementor-element elementor-element-7bcfcf1 elementor-widget elementor-widget-text-editor\" data-id=\"7bcfcf1\" data-element_type=\"widget\" data-widget_type=\"text-editor.default\">\n\t\t\t\t\t\t\t\t\t<h3>\u6839\u636e\u300a\u5fb7\u56fd\u7535\u4fe1\u5a92\u4f53\u6cd5\u300b\u7b2c5\u6761\u7684\u8bf4\u660e<\/h3><p>Maik Hinzdorf<br \/>Carl-Benz-Str. 9-11,<br \/>68723, Schwetzingen<br \/>Deutschland<\/p><h3>\u8054\u7cfb<\/h3><p>Telefon: +49 6202 5843563<strong data-start=\"216\" data-end=\"236\"><br \/><\/strong>E-Mail: <a href=\"mailto:info@lingurobotics.com\">info@lingurobotics.com<\/a><br \/>Website: <a href=\"https:\/\/lingurobotics.com\/zh\/\" target=\"_blank\" rel=\"noopener\">https:\/\/www.lingurobotics.com<\/a><\/p><h3>\u6839\u636e\u300a\u5fb7\u56fd\u5e7f\u64ad\u56fd\u5bb6\u6761\u7ea6\u300b\u7b2c55\u6761\u7b2c2\u6b3e\u5bf9\u5185\u5bb9\u8d1f\u8d23<\/h3><p>Maik Hinzdorf<br \/>Carl-Benz-Str. 9-11,<br \/>68723, Schwetzingen<br \/>Deutschland<\/p><h3>\u514d\u8d23\u58f0\u660e<\/h3><p>\u672c\u7f51\u7ad9\u5185\u5bb9\u5df2\u5c3d\u6700\u5927\u8c28\u614e\u5236\u4f5c\u3002\u7136\u800c\uff0c\u6211\u65e0\u6cd5\u4fdd\u8bc1\u5185\u5bb9\u7684\u51c6\u786e\u6027\u3001\u5b8c\u6574\u6027\u6216\u65f6\u6548\u6027\u3002<\/p><h3>\u94fe\u63a5\u8d23\u4efb<\/h3><p>\u6211\u7684\u670d\u52a1\u5305\u542b\u6307\u5411\u7b2c\u4e09\u65b9\u5916\u90e8\u7f51\u7ad9\u7684\u94fe\u63a5\uff0c\u800c\u6211\u65e0\u6cd5\u63a7\u5236\u5176\u5185\u5bb9\u3002\u56e0\u6b64\uff0c\u6211\u4e0d\u80fd\u5bf9\u8fd9\u4e9b\u5916\u90e8\u5185\u5bb9\u627f\u62c5\u4efb\u4f55\u8d23\u4efb\u3002\u94fe\u63a5\u9875\u9762\u7684\u5185\u5bb9\u59cb\u7ec8\u7531\u76f8\u5e94\u7684\u63d0\u4f9b\u8005\u6216\u8fd0\u8425\u8005\u8d1f\u8d23\u3002<\/p><h3>\u7248\u6743<\/h3><p>\u7531\u7f51\u7ad9\u8fd0\u8425\u8005\u5728\u672c\u9875\u9762\u4e0a\u521b\u5efa\u7684\u5185\u5bb9\u548c\u4f5c\u54c1\u53d7\u5fb7\u56fd\u7248\u6743\u6cd5\u4fdd\u62a4\u3002\u7b2c\u4e09\u65b9\u7684\u6295\u7a3f\u5df2\u4f5c\u76f8\u5e94\u6807\u6ce8\u3002\u8d85\u51fa\u7248\u6743\u6cd5\u8303\u56f4\u7684\u590d\u5236\u3001\u7f16\u8f91\u3001\u4f20\u64ad\u53ca\u4efb\u4f55\u5f62\u5f0f\u7684\u5229\u7528\uff0c\u5747\u9700\u4e8b\u5148\u83b7\u5f97\u76f8\u5173\u4f5c\u8005\u6216\u521b\u4f5c\u8005\u7684\u4e66\u9762\u540c\u610f\u3002<\/p>\t\t\t\t\t\t\t\t<\/div>\n\t\t\t\t\t<\/div>\n\t\t\t\t<\/div>\n\t\t\t\t<\/div>","protected":false},"excerpt":{"rendered":"<p>Impressum Angaben gem\u00e4\u00df \u00a7 5 TMG Maik HinzdorfCarl-Benz-Str. 9-11,68723, SchwetzingenDeutschland Kontakt Telefon: +49 6202 5843563E-Mail: info@lingurobotics.comWebsite: https:\/\/www.lingurobotics.com Verantwortlich f\u00fcr den Inhalt nach \u00a7 55 Abs. 2 RStV Maik HinzdorfCarl-Benz-Str. 9-11,68723, SchwetzingenDeutschland Haftungsausschluss Die Inhalte dieser Website wurden mit gr\u00f6\u00dfter Sorgfalt erstellt. F\u00fcr die Richtigkeit, Vollst\u00e4ndigkeit und Aktualit\u00e4t der Inhalte k\u00f6nnen wir jedoch keine Gew\u00e4hr \u00fcbernehmen. [&hellip;]<\/p>","protected":false},"author":1,"featured_media":0,"parent":0,"menu_order":0,"comment_status":"closed","ping_status":"closed","template":"elementor_header_footer","meta":{"footnotes":""},"class_list":["post-17","page","type-page","status-publish","hentry"],"_links":{"self":[{"href":"https:\/\/lingurobotics.com\/zh\/wp-json\/wp\/v2\/pages\/17","targetHints":{"allow":["GET"]}}],"collection":[{"href":"https:\/\/lingurobotics.com\/zh\/wp-json\/wp\/v2\/pages"}],"about":[{"href":"https:\/\/lingurobotics.com\/zh\/wp-json\/wp\/v2\/types\/page"}],"author":[{"embeddable":true,"href":"https:\/\/lingurobotics.com\/zh\/wp-json\/wp\/v2\/users\/1"}],"replies":[{"embeddable":true,"href":"https:\/\/lingurobotics.com\/zh\/wp-json\/wp\/v2\/comments?post=17"}],"version-history":[{"count":0,"href":"https:\/\/lingurobotics.com\/zh\/wp-json\/wp\/v2\/pages\/17\/revisions"}],"wp:attachment":[{"href":"https:\/\/lingurobotics.com\/zh\/wp-json\/wp\/v2\/media?parent=17"}],"curies":[{"name":"wp","href":"https:\/\/api.w.org\/{rel}","templated":true}]}}