{"id":19,"date":"2025-08-07T13:49:36","date_gmt":"2025-08-07T13:49:36","guid":{"rendered":"https:\/\/lingurobotics.com\/?page_id=19"},"modified":"2025-11-11T10:53:19","modified_gmt":"2025-11-11T10:53:19","slug":"datenschutz","status":"publish","type":"page","link":"https:\/\/lingurobotics.com\/zh\/datenschutz\/","title":{"rendered":"\u9690\u79c1\u653f\u7b56"},"content":{"rendered":"<div data-elementor-type=\"wp-page\" data-elementor-id=\"19\" class=\"elementor elementor-19\" data-elementor-post-type=\"page\">\n\t\t\t\t<div class=\"elementor-element elementor-element-d5aefdc e-flex e-con-boxed e-con e-parent\" data-id=\"d5aefdc\" data-element_type=\"container\">\n\t\t\t\t\t<div class=\"e-con-inner\">\n\t\t\t\t<div class=\"elementor-element elementor-element-15af428 elementor-widget elementor-widget-heading\" data-id=\"15af428\" data-element_type=\"widget\" data-widget_type=\"heading.default\">\n\t\t\t\t\t<h2 class=\"elementor-heading-title elementor-size-default\">\u9690\u79c1\u653f\u7b56<\/h2>\t\t\t\t<\/div>\n\t\t\t\t<div class=\"elementor-element elementor-element-5cc2b39 elementor-widget elementor-widget-text-editor\" data-id=\"5cc2b39\" data-element_type=\"widget\" data-widget_type=\"text-editor.default\">\n\t\t\t\t\t\t\t\t\t<h3 data-start=\"285\" data-end=\"311\">1. \u4e00\u822c\u8bf4\u660e<\/h3><p data-start=\"312\" data-end=\"611\" class=\"translation-block\">\u4fdd\u62a4\u60a8\u7684\u4e2a\u4eba\u6570\u636e\u5bf9\u6211\u6765\u8bf4\u975e\u5e38\u91cd\u8981\u3002\u60a8\u7684\u6570\u636e\u5c06\u4e25\u683c\u6309\u7167\u6cd5\u5f8b\u89c4\u5b9a\uff08GDPR\u3001BDSG\uff09\u8fdb\u884c\u5904\u7406\u3002<br data-start=\"469\" data-end=\"472\">\u5728\u672c\u9690\u79c1\u653f\u7b56\u4e2d\uff0c\u6211\u5c06\u5411\u60a8\u8bf4\u660e\u5728\u6211\u7684\u7f51\u7ad9\u4e0a\u5904\u7406\u4e2a\u4eba\u6570\u636e\u7684\u7c7b\u578b\u3001\u8303\u56f4\u548c\u76ee\u7684\u3002<\/p><h3 data-start=\"613\" data-end=\"642\">2. \u8d23\u4efb\u4e3b\u4f53<\/h3><p data-start=\"643\" data-end=\"857\"><strong data-start=\"643\" data-end=\"660\">Maik Hinzdorf<\/strong><br data-start=\"660\" data-end=\"663\" \/>Carl-Benz-Str. 9-11,<br \/>68723, Schwetzingen<br data-start=\"707\" data-end=\"710\" \/>Deutschland<br data-start=\"721\" data-end=\"724\" \/>Telefon: +49 6202 5843563<br \/>E-Mail: <a class=\"cursor-pointer\" rel=\"noopener\" data-start=\"761\" data-end=\"783\">info@lingurobotics.com<\/a><br data-start=\"783\" data-end=\"786\" \/>Website: <a class=\"\" href=\"https:\/\/lingurobotics.com\/zh\/\" target=\"_new\" rel=\"noopener\" data-start=\"795\" data-end=\"857\">https:\/\/www.lingurobotics.com<\/a><\/p><h3 data-start=\"859\" data-end=\"914\">3. \u4e2a\u4eba\u6570\u636e\u7684\u6536\u96c6\u4e0e\u5b58\u50a8<\/h3><p data-start=\"915\" data-end=\"1075\" class=\"translation-block\">\u6211\u4ec5\u5728\u60a8\u5728\u54a8\u8be2\u3001\u6ce8\u518c\u6216\u8ba2\u8d2d\u8fc7\u7a0b\u4e2d\u81ea\u613f\u63d0\u4f9b\u65f6\u624d\u4f1a\u6536\u96c6\u4e2a\u4eba\u6570\u636e\u3002<br data-start=\"1050\" data-end=\"1053\">\u8fd9\u4e9b\u53ef\u80fd\u5305\u62ec\uff1a<\/p><ul data-start=\"1076\" data-end=\"1135\"><li data-start=\"1076\" data-end=\"1084\"><p data-start=\"1078\" data-end=\"1084\">\u59d3\u540d<\/p><\/li><li data-start=\"1085\" data-end=\"1103\"><p data-start=\"1087\" data-end=\"1103\">\u7535\u5b50\u90ae\u4ef6\u5730\u5740<\/p><\/li><li data-start=\"1104\" data-end=\"1121\"><p data-start=\"1106\" data-end=\"1121\">\u7535\u8bdd\u53f7\u7801<\/p><\/li><li data-start=\"1122\" data-end=\"1135\"><p data-start=\"1124\" data-end=\"1135\">\u5730\u5740<\/p><\/li><\/ul><h3 data-start=\"1137\" data-end=\"1171\">4. \u6570\u636e\u5904\u7406\u7684\u76ee\u7684<\/h3><p data-start=\"1172\" data-end=\"1237\">\u60a8\u63d0\u4f9b\u7684\u6570\u636e\u5c06\u4ec5\u7528\u4e8e\uff1a<\/p><ul data-start=\"1238\" data-end=\"1344\"><li data-start=\"1238\" data-end=\"1273\"><p data-start=\"1240\" data-end=\"1273\">\u7528\u4e8e\u56de\u590d\u60a8\u7684\u54a8\u8be2<\/p><\/li><li data-start=\"1274\" data-end=\"1306\"><p data-start=\"1276\" data-end=\"1306\">\u7528\u4e8e\u5408\u540c\u7684\u5c65\u884c<\/p><\/li><li data-start=\"1307\" data-end=\"1344\"><p data-start=\"1309\" data-end=\"1344\">\u7528\u4e8e\u6539\u8fdb\u6211\u7684\u670d\u52a1<\/p><\/li><\/ul><h3 data-start=\"1346\" data-end=\"1373\">5. \u6570\u636e\u7684\u62ab\u9732<\/h3><p data-start=\"1374\" data-end=\"1452\">\u60a8\u7684\u4e2a\u4eba\u6570\u636e\u4ec5\u5728\u4ee5\u4e0b\u60c5\u51b5\u4e0b\u624d\u4f1a\u4f20\u9012\u7ed9\u7b2c\u4e09\u65b9\uff1a<\/p><ul data-start=\"1453\" data-end=\"1580\"><li data-start=\"1453\" data-end=\"1492\"><p data-start=\"1455\" data-end=\"1492\">\u60a8\u5df2\u660e\u786e\u540c\u610f<\/p><\/li><li data-start=\"1493\" data-end=\"1537\"><p data-start=\"1495\" data-end=\"1537\">\u8fd9\u662f\u5c65\u884c\u5408\u540c\u6240\u5fc5\u9700\u7684<\/p><\/li><li data-start=\"1538\" data-end=\"1580\"><p data-start=\"1540\" data-end=\"1580\">\u5b58\u5728\u6cd5\u5f8b\u4e49\u52a1<\/p><\/li><\/ul><h3 data-start=\"1582\" data-end=\"1600\">6. \u60a8\u7684\u6743\u5229<\/h3><p data-start=\"1601\" data-end=\"1623\">\u60a8\u6709\u6743\uff1a<\/p><ul data-start=\"1624\" data-end=\"1886\"><li data-start=\"1624\" data-end=\"1678\"><p data-start=\"1626\" data-end=\"1678\">\u83b7\u53d6\u6709\u5173\u60a8\u5b58\u50a8\u6570\u636e\u7684\u4fe1\u606f<\/p><\/li><li data-start=\"1679\" data-end=\"1726\"><p data-start=\"1681\" data-end=\"1726\">\u8981\u6c42\u66f4\u6b63\u4e0d\u6b63\u786e\u7684\u6570\u636e<\/p><\/li><li data-start=\"1727\" data-end=\"1762\"><p data-start=\"1729\" data-end=\"1762\">\u8981\u6c42\u5220\u9664\u60a8\u7684\u6570\u636e<\/p><\/li><li data-start=\"1763\" data-end=\"1810\"><p data-start=\"1765\" data-end=\"1810\">\u8981\u6c42\u9650\u5236\u5904\u7406<\/p><\/li><li data-start=\"1811\" data-end=\"1848\"><p data-start=\"1813\" data-end=\"1848\">\u53cd\u5bf9\u5904\u7406<\/p><\/li><li data-start=\"1849\" data-end=\"1886\"><p data-start=\"1851\" data-end=\"1886\">\u8981\u6c42\u6570\u636e\u53ef\u643a\u5e26\u6027<\/p><\/li><\/ul><p data-start=\"1888\" data-end=\"1945\">\u8bf7\u5c06\u54a8\u8be2\u53d1\u9001\u81f3\uff1a <strong data-start=\"1919\" data-end=\"1945\"><a class=\"cursor-pointer\" rel=\"noopener\" data-start=\"1921\" data-end=\"1943\">info@lingurobotics.com<\/a><\/strong><\/p><h3 data-start=\"1947\" data-end=\"1961\">7. Cookies<\/h3><p data-start=\"1962\" data-end=\"2185\">\u6211\u7684\u7f51\u7ad9\u4f7f\u7528 Cookies \u4ee5\u542f\u7528\u67d0\u4e9b\u529f\u80fd\u5e76\u5206\u6790\u4f7f\u7528\u60c5\u51b5\u3002\u60a8\u53ef\u4ee5\u5728\u6d4f\u89c8\u5668\u4e2d\u7981\u7528 Cookies \u7684\u5b58\u50a8\uff0c\u4f46\u8fd9\u53ef\u80fd\u4f1a\u9650\u5236\u529f\u80fd\u3002<\/p><h3 data-start=\"2187\" data-end=\"2212\">8. \u670d\u52a1\u5668\u65e5\u5fd7\u6587\u4ef6<\/h3><p data-start=\"2213\" data-end=\"2374\">\u6211\u7684\u4e3b\u673a\u670d\u52a1\u63d0\u4f9b\u5546\u4f1a\u81ea\u52a8\u6536\u96c6\u5e76\u5b58\u50a8\u6240\u8c13\u7684\u670d\u52a1\u5668\u65e5\u5fd7\u6587\u4ef6\uff0c\u5176\u4e2d\u5305\u542b\u60a8\u7684\u6d4f\u89c8\u5668\u81ea\u52a8\u4f20\u8f93\u7684\u4fe1\u606f\u3002\u8fd9\u4e9b\u5305\u62ec\uff1a<\/p><ul data-start=\"2375\" data-end=\"2471\"><li data-start=\"2375\" data-end=\"2408\"><p data-start=\"2377\" data-end=\"2408\">\u6d4f\u89c8\u5668\u7c7b\u578b\u548c\u7248\u672c<\/p><\/li><li data-start=\"2409\" data-end=\"2439\"><p data-start=\"2411\" data-end=\"2439\">\u4f7f\u7528\u7684\u64cd\u4f5c\u7cfb\u7edf<\/p><\/li><li data-start=\"2440\" data-end=\"2456\"><p data-start=\"2442\" data-end=\"2456\">Referrer URL<\/p><\/li><li data-start=\"2457\" data-end=\"2471\"><p data-start=\"2459\" data-end=\"2471\">IP \u5730\u5740<\/p><\/li><\/ul><h3 data-start=\"2473\" data-end=\"2490\">9. \u5b89\u5168<\/h3><p data-start=\"2491\" data-end=\"2648\">\u6211\u91c7\u7528\u6280\u672f\u548c\u7ec4\u7ec7\u4e0a\u7684\u5b89\u5168\u63aa\u65bd\uff0c\u4ee5\u4fdd\u62a4\u60a8\u7684\u6570\u636e\u514d\u906d\u4e22\u5931\u3001\u7834\u574f\u3001\u7be1\u6539\u6216\u672a\u7ecf\u6388\u6743\u7684\u8bbf\u95ee\u3002<\/p><h3 data-start=\"2650\" data-end=\"2696\">10. \u672c\u9690\u79c1\u653f\u7b56\u7684\u53d8\u66f4<\/h3><p data-start=\"2697\" data-end=\"2817\">\u6211\u4fdd\u7559\u5728\u9700\u8981\u65f6\u4fee\u6539\u672c\u9690\u79c1\u653f\u7b56\u7684\u6743\u5229\uff0c\u4ee5\u7b26\u5408\u6cd5\u5f8b\u8981\u6c42\u3002<\/p>\t\t\t\t\t\t\t\t<\/div>\n\t\t\t\t\t<\/div>\n\t\t\t\t<\/div>\n\t\t\t\t<\/div>","protected":false},"excerpt":{"rendered":"<p>Datenschutz 1. Allgemeine Hinweise Der Schutz Ihrer pers\u00f6nlichen Daten ist uns sehr wichtig. Ihre Daten werden ausschlie\u00dflich im Rahmen der gesetzlichen Vorschriften (DSGVO, BDSG) verarbeitet.In dieser Datenschutzerkl\u00e4rung informieren wir Sie \u00fcber Art, Umfang und Zweck der Verarbeitung personenbezogener Daten auf unserer Website. 2. Verantwortliche Stelle Maik HinzdorfCarl-Benz-Str. 9-11,68723, SchwetzingenDeutschlandTelefon: +49 6202 5843563E-Mail: info@lingurobotics.comWebsite: https:\/\/www.lingurobotics.com 3. [&hellip;]<\/p>","protected":false},"author":1,"featured_media":0,"parent":0,"menu_order":0,"comment_status":"closed","ping_status":"closed","template":"elementor_header_footer","meta":{"footnotes":""},"class_list":["post-19","page","type-page","status-publish","hentry"],"_links":{"self":[{"href":"https:\/\/lingurobotics.com\/zh\/wp-json\/wp\/v2\/pages\/19","targetHints":{"allow":["GET"]}}],"collection":[{"href":"https:\/\/lingurobotics.com\/zh\/wp-json\/wp\/v2\/pages"}],"about":[{"href":"https:\/\/lingurobotics.com\/zh\/wp-json\/wp\/v2\/types\/page"}],"author":[{"embeddable":true,"href":"https:\/\/lingurobotics.com\/zh\/wp-json\/wp\/v2\/users\/1"}],"replies":[{"embeddable":true,"href":"https:\/\/lingurobotics.com\/zh\/wp-json\/wp\/v2\/comments?post=19"}],"version-history":[{"count":0,"href":"https:\/\/lingurobotics.com\/zh\/wp-json\/wp\/v2\/pages\/19\/revisions"}],"wp:attachment":[{"href":"https:\/\/lingurobotics.com\/zh\/wp-json\/wp\/v2\/media?parent=19"}],"curies":[{"name":"wp","href":"https:\/\/api.w.org\/{rel}","templated":true}]}}